{"id":2411,"date":"2022-07-11T12:39:14","date_gmt":"2022-07-11T12:39:14","guid":{"rendered":"http:\/\/tplabs.co\/agrios\/?page_id=2411"},"modified":"2025-06-05T02:27:13","modified_gmt":"2025-06-04T23:27:13","slug":"services","status":"publish","type":"page","link":"https:\/\/zayimoglu.com\/index.php\/services\/","title":{"rendered":"Services"},"content":{"rendered":"\t\t<div data-elementor-type=\"wp-page\" data-elementor-id=\"2411\" class=\"elementor elementor-2411\" data-elementor-post-type=\"page\">\n\t\t\t\t\t\t<section class=\"elementor-section elementor-top-section elementor-element elementor-element-6677ed3 elementor-section-boxed elementor-section-height-default elementor-section-height-default\" data-id=\"6677ed3\" data-element_type=\"section\">\n\t\t\t\t\t\t<div class=\"elementor-container elementor-column-gap-no\">\n\t\t\t\t\t<div class=\"elementor-column elementor-col-100 elementor-top-column elementor-element elementor-element-a7d59aa\" data-id=\"a7d59aa\" data-element_type=\"column\">\n\t\t\t<div class=\"elementor-widget-wrap elementor-element-populated\">\n\t\t\t\t\t\t<div class=\"elementor-element elementor-element-ac5eada elementor-widget elementor-widget-spacer\" data-id=\"ac5eada\" data-element_type=\"widget\" data-widget_type=\"spacer.default\">\n\t\t\t\t\t\t\t<div class=\"elementor-spacer\">\n\t\t\t<div class=\"elementor-spacer-inner\"><\/div>\n\t\t<\/div>\n\t\t\t\t\t\t<\/div>\n\t\t\t\t<section class=\"elementor-section elementor-inner-section elementor-element elementor-element-5f26293 elementor-section-boxed elementor-section-height-default elementor-section-height-default\" data-id=\"5f26293\" data-element_type=\"section\">\n\t\t\t\t\t\t<div class=\"elementor-container elementor-column-gap-default\">\n\t\t\t\t\t<div class=\"elementor-column elementor-col-33 elementor-inner-column elementor-element elementor-element-831fd10\" data-id=\"831fd10\" data-element_type=\"column\">\n\t\t\t<div class=\"elementor-widget-wrap elementor-element-populated\">\n\t\t\t\t\t\t<div class=\"elementor-element elementor-element-cf9aa9b align-center custom-image-box-1 image-box-style-4 elementor-widget__width-initial elementor-widget elementor-widget-mae-image-box\" data-id=\"cf9aa9b\" data-element_type=\"widget\" data-widget_type=\"mae-image-box.default\">\n\t\t\t\t<div class=\"elementor-widget-container\">\n\t\t\t\t\t                <div class=\"master-image-box \">\n                            <h3 class=\"headline-2\">NAKL\u0130YE<\/h3>                <div class=\"inner\">\n                    <div class=\"thumb\"><div class=\"inner\"><img fetchpriority=\"high\" decoding=\"async\" width=\"1600\" height=\"1071\" src=\"https:\/\/zayimoglu.com\/wp-content\/uploads\/2025\/06\/WhatsApp-Gorsel-2025-06-02-saat-10.15.28_32096b91.jpg\" class=\"attachment-full size-full\" alt=\"\" srcset=\"https:\/\/zayimoglu.com\/wp-content\/uploads\/2025\/06\/WhatsApp-Gorsel-2025-06-02-saat-10.15.28_32096b91.jpg 1600w, https:\/\/zayimoglu.com\/wp-content\/uploads\/2025\/06\/WhatsApp-Gorsel-2025-06-02-saat-10.15.28_32096b91-1536x1028.jpg 1536w, https:\/\/zayimoglu.com\/wp-content\/uploads\/2025\/06\/WhatsApp-Gorsel-2025-06-02-saat-10.15.28_32096b91-200x134.jpg 200w, https:\/\/zayimoglu.com\/wp-content\/uploads\/2025\/06\/WhatsApp-Gorsel-2025-06-02-saat-10.15.28_32096b91-600x402.jpg 600w\" sizes=\"(max-width: 1600px) 100vw, 1600px\" \/><\/div><\/div>                    <div class=\"content-wrap\">\n                        <div class=\"desc\"><p><span style=\"vertical-align: inherit;\"><span style=\"vertical-align: inherit;\"><span style=\"vertical-align: inherit;\"><span style=\"vertical-align: inherit;\"><span style=\"vertical-align: inherit;\"><span style=\"vertical-align: inherit;\">Erzincan i\u00e7i t\u00fcm ula\u015f\u0131m yerlerine nakliye hizmetimiz mevcuttur<\/span><\/span><\/span><\/span><\/span><\/span><\/p><\/div>                    <\/div>\n                <\/div>\n                    <\/div>\n        \t\t\t\t<\/div>\n\t\t\t\t<\/div>\n\t\t\t\t\t<\/div>\n\t\t<\/div>\n\t\t\t\t<div class=\"elementor-column elementor-col-33 elementor-inner-column elementor-element elementor-element-0f96448\" data-id=\"0f96448\" data-element_type=\"column\">\n\t\t\t<div class=\"elementor-widget-wrap elementor-element-populated\">\n\t\t\t\t\t\t<div class=\"elementor-element elementor-element-b102c8e align-center custom-image-box-1 image-box-style-4 elementor-widget elementor-widget-mae-image-box\" data-id=\"b102c8e\" data-element_type=\"widget\" data-widget_type=\"mae-image-box.default\">\n\t\t\t\t<div class=\"elementor-widget-container\">\n\t\t\t\t\t                <div class=\"master-image-box \">\n                            <h3 class=\"headline-2\">SATI\u015e<\/h3>                <div class=\"inner\">\n                    <div class=\"thumb\"><div class=\"inner\"><img decoding=\"async\" width=\"2560\" height=\"1920\" src=\"https:\/\/zayimoglu.com\/wp-content\/uploads\/2025\/06\/WhatsApp-Gorsel-2025-06-03-saat-09.00.11_27cc7970-scaled.jpg\" class=\"attachment-full size-full\" alt=\"\" srcset=\"https:\/\/zayimoglu.com\/wp-content\/uploads\/2025\/06\/WhatsApp-Gorsel-2025-06-03-saat-09.00.11_27cc7970-scaled.jpg 2560w, https:\/\/zayimoglu.com\/wp-content\/uploads\/2025\/06\/WhatsApp-Gorsel-2025-06-03-saat-09.00.11_27cc7970-1536x1152.jpg 1536w, https:\/\/zayimoglu.com\/wp-content\/uploads\/2025\/06\/WhatsApp-Gorsel-2025-06-03-saat-09.00.11_27cc7970-2048x1536.jpg 2048w, https:\/\/zayimoglu.com\/wp-content\/uploads\/2025\/06\/WhatsApp-Gorsel-2025-06-03-saat-09.00.11_27cc7970-200x150.jpg 200w, https:\/\/zayimoglu.com\/wp-content\/uploads\/2025\/06\/WhatsApp-Gorsel-2025-06-03-saat-09.00.11_27cc7970-600x450.jpg 600w\" sizes=\"(max-width: 2560px) 100vw, 2560px\" \/><\/div><\/div>                    <div class=\"content-wrap\">\n                        <div class=\"desc\"><p><span style=\"vertical-align: inherit;\"><span style=\"vertical-align: inherit;\"><span style=\"vertical-align: inherit;\"><span style=\"vertical-align: inherit;\"><span style=\"vertical-align: inherit;\"><span style=\"vertical-align: inherit;\"><span style=\"vertical-align: inherit;\"><span style=\"vertical-align: inherit;\"><span style=\"vertical-align: inherit;\"><span style=\"vertical-align: inherit;\"><span style=\"vertical-align: inherit;\"><span style=\"vertical-align: inherit;\"><span style=\"vertical-align: inherit;\"><span style=\"vertical-align: inherit;\"><span style=\"vertical-align: inherit;\"><span style=\"vertical-align: inherit;\"><span style=\"vertical-align: inherit;\"><span style=\"vertical-align: inherit;\">Erzincan merkez bu\u011fday pazar\u0131 i\u00e7i ofisimizde m\u00fc\u015fterilerimize \u00fcr\u00fcn sat\u0131\u015f hizmeti verilmekte<\/span><\/span><\/span><\/span><\/span><\/span><\/span><\/span><\/span><\/span><\/span><\/span><\/span><\/span><\/span><\/span><\/span><\/span><\/p><\/div>                    <\/div>\n                <\/div>\n                    <\/div>\n        \t\t\t\t<\/div>\n\t\t\t\t<\/div>\n\t\t\t\t\t<\/div>\n\t\t<\/div>\n\t\t\t\t<div class=\"elementor-column elementor-col-33 elementor-inner-column elementor-element elementor-element-3cb2950\" data-id=\"3cb2950\" data-element_type=\"column\">\n\t\t\t<div class=\"elementor-widget-wrap elementor-element-populated\">\n\t\t\t\t\t\t<div class=\"elementor-element elementor-element-85c2c61 align-center custom-image-box-1 image-box-style-4 elementor-widget__width-initial elementor-widget elementor-widget-mae-image-box\" data-id=\"85c2c61\" data-element_type=\"widget\" data-widget_type=\"mae-image-box.default\">\n\t\t\t\t<div class=\"elementor-widget-container\">\n\t\t\t\t\t                <div class=\"master-image-box \">\n                            <h3 class=\"headline-2\">DANI\u015eMANLIK<\/h3>                <div class=\"inner\">\n                    <div class=\"thumb\"><div class=\"inner\"><img decoding=\"async\" width=\"1536\" height=\"1639\" src=\"https:\/\/zayimoglu.com\/wp-content\/uploads\/2025\/06\/WhatsApp-Gorsel-2025-06-03-saat-09.54.50_9dcc2e80-2.jpg\" class=\"attachment-full size-full\" alt=\"\" srcset=\"https:\/\/zayimoglu.com\/wp-content\/uploads\/2025\/06\/WhatsApp-Gorsel-2025-06-03-saat-09.54.50_9dcc2e80-2.jpg 1536w, https:\/\/zayimoglu.com\/wp-content\/uploads\/2025\/06\/WhatsApp-Gorsel-2025-06-03-saat-09.54.50_9dcc2e80-2-1439x1536.jpg 1439w, https:\/\/zayimoglu.com\/wp-content\/uploads\/2025\/06\/WhatsApp-Gorsel-2025-06-03-saat-09.54.50_9dcc2e80-2-200x213.jpg 200w, https:\/\/zayimoglu.com\/wp-content\/uploads\/2025\/06\/WhatsApp-Gorsel-2025-06-03-saat-09.54.50_9dcc2e80-2-600x640.jpg 600w\" sizes=\"(max-width: 1536px) 100vw, 1536px\" \/><\/div><\/div>                    <div class=\"content-wrap\">\n                        <div class=\"desc\"><p><span style=\"vertical-align: inherit;\"><span style=\"vertical-align: inherit;\"><span style=\"vertical-align: inherit;\"><span style=\"vertical-align: inherit;\"><span style=\"vertical-align: inherit;\"><span style=\"vertical-align: inherit;\"><span style=\"vertical-align: inherit;\"><span style=\"vertical-align: inherit;\"><span style=\"vertical-align: inherit;\"><span style=\"vertical-align: inherit;\">\u015eirketimiz b\u00fcnyesinde zooteknisyenlik, veterinerlik ve hayvan bak\u0131m hizmetleri hizmetleri mevcuttur<\/span><\/span><\/span><\/span><\/span><\/span><\/span><\/span><\/span><\/span><\/p><\/div>                    <\/div>\n                <\/div>\n                    <\/div>\n        \t\t\t\t<\/div>\n\t\t\t\t<\/div>\n\t\t\t\t\t<\/div>\n\t\t<\/div>\n\t\t\t\t\t<\/div>\n\t\t<\/section>\n\t\t\t\t<div class=\"elementor-element elementor-element-36bcaf1 elementor-widget elementor-widget-spacer\" data-id=\"36bcaf1\" data-element_type=\"widget\" data-widget_type=\"spacer.default\">\n\t\t\t\t\t\t\t<div class=\"elementor-spacer\">\n\t\t\t<div class=\"elementor-spacer-inner\"><\/div>\n\t\t<\/div>\n\t\t\t\t\t\t<\/div>\n\t\t\t\t\t<\/div>\n\t\t<\/div>\n\t\t\t\t\t<\/div>\n\t\t<\/section>\n\t\t\t\t<section class=\"elementor-section elementor-top-section elementor-element elementor-element-ca67f10 elementor-section-boxed elementor-section-height-default elementor-section-height-default\" data-id=\"ca67f10\" data-element_type=\"section\">\n\t\t\t\t\t\t<div class=\"elementor-container elementor-column-gap-no\">\n\t\t\t\t\t<div class=\"elementor-column elementor-col-100 elementor-top-column elementor-element elementor-element-8dce4e3\" data-id=\"8dce4e3\" data-element_type=\"column\">\n\t\t\t<div class=\"elementor-widget-wrap elementor-element-populated\">\n\t\t\t\t\t\t<section class=\"elementor-section elementor-inner-section elementor-element elementor-element-5367d62 elementor-section-boxed elementor-section-height-default elementor-section-height-default\" data-id=\"5367d62\" data-element_type=\"section\">\n\t\t\t\t\t\t<div class=\"elementor-container elementor-column-gap-default\">\n\t\t\t\t\t<div class=\"elementor-column elementor-col-100 elementor-inner-column elementor-element elementor-element-623b550\" data-id=\"623b550\" data-element_type=\"column\">\n\t\t\t<div class=\"elementor-widget-wrap\">\n\t\t\t\t\t\t\t<\/div>\n\t\t<\/div>\n\t\t\t\t\t<\/div>\n\t\t<\/section>\n\t\t\t\t\t<\/div>\n\t\t<\/div>\n\t\t\t\t\t<\/div>\n\t\t<\/section>\n\t\t\t\t<section class=\"elementor-section elementor-top-section elementor-element elementor-element-74ab038 elementor-section-boxed elementor-section-height-default elementor-section-height-default\" data-id=\"74ab038\" data-element_type=\"section\">\n\t\t\t\t\t\t<div class=\"elementor-container elementor-column-gap-no\">\n\t\t\t\t\t<div class=\"elementor-column elementor-col-100 elementor-top-column elementor-element elementor-element-95967d7\" data-id=\"95967d7\" data-element_type=\"column\">\n\t\t\t<div class=\"elementor-widget-wrap elementor-element-populated\">\n\t\t\t\t\t\t<section class=\"elementor-section elementor-inner-section elementor-element elementor-element-fd7ca8a elementor-section-boxed elementor-section-height-default elementor-section-height-default\" data-id=\"fd7ca8a\" data-element_type=\"section\">\n\t\t\t\t\t\t<div class=\"elementor-container elementor-column-gap-default\">\n\t\t\t\t\t<div class=\"elementor-column elementor-col-100 elementor-inner-column elementor-element elementor-element-f0cc2ec\" data-id=\"f0cc2ec\" data-element_type=\"column\">\n\t\t\t<div class=\"elementor-widget-wrap\">\n\t\t\t\t\t\t\t<\/div>\n\t\t<\/div>\n\t\t\t\t\t<\/div>\n\t\t<\/section>\n\t\t\t\t\t<\/div>\n\t\t<\/div>\n\t\t\t\t\t<\/div>\n\t\t<\/section>\n\t\t\t\t<section class=\"elementor-section elementor-top-section elementor-element elementor-element-afad3bc elementor-section-full_width elementor-section-stretched elementor-section-height-default elementor-section-height-default\" data-id=\"afad3bc\" data-element_type=\"section\" data-settings=\"{&quot;stretch_section&quot;:&quot;section-stretched&quot;,&quot;background_background&quot;:&quot;classic&quot;}\">\n\t\t\t\t\t\t<div class=\"elementor-container elementor-column-gap-no\">\n\t\t\t\t\t<div class=\"elementor-column elementor-col-100 elementor-top-column elementor-element elementor-element-bb8f76d\" data-id=\"bb8f76d\" data-element_type=\"column\">\n\t\t\t<div class=\"elementor-widget-wrap elementor-element-populated\">\n\t\t\t\t\t\t<div class=\"elementor-element elementor-element-e60e75e align-right elementor-absolute elementor-hidden-tablet elementor-hidden-mobile image-width-full elementor-widget elementor-widget-mae-gallery-stack\" data-id=\"e60e75e\" data-element_type=\"widget\" data-settings=\"{&quot;_position&quot;:&quot;absolute&quot;}\" data-widget_type=\"mae-gallery-stack.default\">\n\t\t\t\t<div class=\"elementor-widget-container\">\n\t\t\t\t\t\t\t<div class=\"master-gallery-stack\">\n\t\t\t<div class=\"master-fancy-image elementor-repeater-item-5f2cbc1\" data-top=\"0px\" data-parallax='{\"x\" : -30, \"y\" : 0, \"smoothness\" : 30}' data-calcHeight=\"no\">\n\t\t\t\t\t\t\t\t\t<div class=\"image-wrap\"><img loading=\"lazy\" decoding=\"async\" width=\"455\" height=\"299\" src=\"https:\/\/zayimoglu.com\/wp-content\/uploads\/2022\/07\/line-01.webp\" class=\"attachment-full size-full\" alt=\"\" srcset=\"https:\/\/zayimoglu.com\/wp-content\/uploads\/2022\/07\/line-01.webp 455w, https:\/\/zayimoglu.com\/wp-content\/uploads\/2022\/07\/line-01-200x131.webp 200w\" sizes=\"(max-width: 455px) 100vw, 455px\" \/><\/div>\n\t\t\t\t\t\t\t\t<\/div>\t\t<\/div>\n\t    \t\t\t\t<\/div>\n\t\t\t\t<\/div>\n\t\t\t\t<div class=\"elementor-element elementor-element-9879f18 align-left elementor-absolute elementor-hidden-tablet elementor-hidden-mobile image-width-full elementor-widget elementor-widget-mae-gallery-stack\" data-id=\"9879f18\" data-element_type=\"widget\" data-settings=\"{&quot;_position&quot;:&quot;absolute&quot;}\" data-widget_type=\"mae-gallery-stack.default\">\n\t\t\t\t<div class=\"elementor-widget-container\">\n\t\t\t\t\t\t\t<div class=\"master-gallery-stack\">\n\t\t\t<div class=\"master-fancy-image elementor-repeater-item-5f2cbc1\" data-top=\"0px\" data-parallax='{\"x\" : 30, \"y\" : 0, \"smoothness\" : 30}' data-calcHeight=\"no\">\n\t\t\t\t\t\t\t\t\t<div class=\"image-wrap\"><img loading=\"lazy\" decoding=\"async\" width=\"545\" height=\"121\" src=\"https:\/\/zayimoglu.com\/wp-content\/uploads\/2022\/07\/line-02.webp\" class=\"attachment-full size-full\" alt=\"\" srcset=\"https:\/\/zayimoglu.com\/wp-content\/uploads\/2022\/07\/line-02.webp 545w, https:\/\/zayimoglu.com\/wp-content\/uploads\/2022\/07\/line-02-200x44.webp 200w\" sizes=\"(max-width: 545px) 100vw, 545px\" \/><\/div>\n\t\t\t\t\t\t\t\t<\/div>\t\t<\/div>\n\t    \t\t\t\t<\/div>\n\t\t\t\t<\/div>\n\t\t\t\t<div class=\"elementor-element elementor-element-d1c7375 elementor-widget elementor-widget-spacer\" data-id=\"d1c7375\" data-element_type=\"widget\" data-widget_type=\"spacer.default\">\n\t\t\t\t\t\t\t<div class=\"elementor-spacer\">\n\t\t\t<div class=\"elementor-spacer-inner\"><\/div>\n\t\t<\/div>\n\t\t\t\t\t\t<\/div>\n\t\t\t\t<section class=\"elementor-section elementor-inner-section elementor-element elementor-element-e48d1b5 elementor-section-boxed elementor-section-height-default elementor-section-height-default\" data-id=\"e48d1b5\" data-element_type=\"section\">\n\t\t\t\t\t\t<div class=\"elementor-container elementor-column-gap-default\">\n\t\t\t\t\t<div class=\"elementor-column elementor-col-100 elementor-inner-column elementor-element elementor-element-4fd146f\" data-id=\"4fd146f\" data-element_type=\"column\">\n\t\t\t<div class=\"elementor-widget-wrap elementor-element-populated\">\n\t\t\t\t\t\t<div class=\"elementor-element elementor-element-1d896d6 elementor-widget elementor-widget-mae-partner-carousel\" data-id=\"1d896d6\" data-element_type=\"widget\" data-widget_type=\"mae-partner-carousel.default\">\n\t\t\t\t<div class=\"elementor-widget-container\">\n\t\t\t\t\t\n        <div class=\"master-carousel-box\" data-config='{\"column\":5,\"columnTablet\":3,\"columnMobile\":2,\"gap\":70,\"gapMobile\":30,\"arrowPosition\":null,\"arrowMiddleOffset\":null,\"arrowTopOffset\":null,\"stretch\":\"no\",\"autoPlay\":true,\"prevNextButtons\":false,\"pageDots\":false,\"activeIndex\":\"\"}'>\n                            <div class=\"master-partner item-carousel\">\n                    <img loading=\"lazy\" decoding=\"async\" width=\"479\" height=\"337\" src=\"https:\/\/zayimoglu.com\/wp-content\/uploads\/2025\/05\/2018.jpg\" class=\"attachment-full size-full\" alt=\"\" srcset=\"https:\/\/zayimoglu.com\/wp-content\/uploads\/2025\/05\/2018.jpg 479w, https:\/\/zayimoglu.com\/wp-content\/uploads\/2025\/05\/2018-200x141.jpg 200w\" sizes=\"(max-width: 479px) 100vw, 479px\" \/>                <\/div>\n                            <div class=\"master-partner item-carousel\">\n                    <img loading=\"lazy\" decoding=\"async\" width=\"1000\" height=\"678\" src=\"https:\/\/zayimoglu.com\/wp-content\/uploads\/2025\/05\/referanslar_10@4x-1-e1748462780826.png\" class=\"attachment-full size-full\" alt=\"\" srcset=\"https:\/\/zayimoglu.com\/wp-content\/uploads\/2025\/05\/referanslar_10@4x-1-e1748462780826.png 1000w, https:\/\/zayimoglu.com\/wp-content\/uploads\/2025\/05\/referanslar_10@4x-1-e1748462780826-200x136.png 200w, https:\/\/zayimoglu.com\/wp-content\/uploads\/2025\/05\/referanslar_10@4x-1-e1748462780826-600x407.png 600w\" sizes=\"(max-width: 1000px) 100vw, 1000px\" \/>                <\/div>\n                            <div class=\"master-partner item-carousel\">\n                    <img loading=\"lazy\" decoding=\"async\" width=\"275\" height=\"183\" src=\"https:\/\/zayimoglu.com\/wp-content\/uploads\/2025\/05\/esk.jpg\" class=\"attachment-full size-full\" alt=\"\" srcset=\"https:\/\/zayimoglu.com\/wp-content\/uploads\/2025\/05\/esk.jpg 275w, https:\/\/zayimoglu.com\/wp-content\/uploads\/2025\/05\/esk-200x133.jpg 200w\" sizes=\"(max-width: 275px) 100vw, 275px\" \/>                <\/div>\n                    <\/div>\n\n        \t\t\t\t<\/div>\n\t\t\t\t<\/div>\n\t\t\t\t\t<\/div>\n\t\t<\/div>\n\t\t\t\t\t<\/div>\n\t\t<\/section>\n\t\t\t\t<div class=\"elementor-element elementor-element-2b19d6f elementor-widget elementor-widget-spacer\" data-id=\"2b19d6f\" data-element_type=\"widget\" data-widget_type=\"spacer.default\">\n\t\t\t\t\t\t\t<div class=\"elementor-spacer\">\n\t\t\t<div class=\"elementor-spacer-inner\"><\/div>\n\t\t<\/div>\n\t\t\t\t\t\t<\/div>\n\t\t\t\t\t<\/div>\n\t\t<\/div>\n\t\t\t\t\t<\/div>\n\t\t<\/section>\n\t\t\t\t<\/div>\n\t\t\n    <div class=\"xs_social_share_widget xs_share_url after_content \t\tmain_content  wslu-style-1 wslu-share-box-shaped wslu-fill-colored wslu-none wslu-share-horizontal wslu-theme-font-no wslu-main_content\">\n\n\t\t\n        <ul>\n\t\t\t        <\/ul>\n    <\/div> \n","protected":false},"excerpt":{"rendered":"<p>NAKL\u0130YE Erzincan i\u00e7i t\u00fcm ula\u015f\u0131m yerlerine nakliye hizmetimiz mevcuttur SATI\u015e Erzincan merkez bu\u011fday pazar\u0131 i\u00e7i ofisimizde m\u00fc\u015fterilerimize \u00fcr\u00fcn sat\u0131\u015f hizmeti verilmekte DANI\u015eMANLIK \u015eirketimiz b\u00fcnyesinde zooteknisyenlik, veterinerlik ve hayvan bak\u0131m hizmetleri hizmetleri mevcuttur<\/p>\n","protected":false},"author":1,"featured_media":0,"parent":0,"menu_order":0,"comment_status":"closed","ping_status":"closed","template":"","meta":{"inline_featured_image":false,"_monsterinsights_skip_tracking":false,"_monsterinsights_sitenote_active":false,"_monsterinsights_sitenote_note":"","_monsterinsights_sitenote_category":0,"footnotes":""},"class_list":["post-2411","page","type-page","status-publish","hentry"],"aioseo_notices":[],"_links":{"self":[{"href":"https:\/\/zayimoglu.com\/index.php\/wp-json\/wp\/v2\/pages\/2411","targetHints":{"allow":["GET"]}}],"collection":[{"href":"https:\/\/zayimoglu.com\/index.php\/wp-json\/wp\/v2\/pages"}],"about":[{"href":"https:\/\/zayimoglu.com\/index.php\/wp-json\/wp\/v2\/types\/page"}],"author":[{"embeddable":true,"href":"https:\/\/zayimoglu.com\/index.php\/wp-json\/wp\/v2\/users\/1"}],"replies":[{"embeddable":true,"href":"https:\/\/zayimoglu.com\/index.php\/wp-json\/wp\/v2\/comments?post=2411"}],"version-history":[{"count":31,"href":"https:\/\/zayimoglu.com\/index.php\/wp-json\/wp\/v2\/pages\/2411\/revisions"}],"predecessor-version":[{"id":4012,"href":"https:\/\/zayimoglu.com\/index.php\/wp-json\/wp\/v2\/pages\/2411\/revisions\/4012"}],"wp:attachment":[{"href":"https:\/\/zayimoglu.com\/index.php\/wp-json\/wp\/v2\/media?parent=2411"}],"curies":[{"name":"wp","href":"https:\/\/api.w.org\/{rel}","templated":true}]}}