{"id":3702,"date":"2025-06-03T18:53:42","date_gmt":"2025-06-03T15:53:42","guid":{"rendered":"https:\/\/zayimoglu.com\/?post_type=product&#038;p=3702"},"modified":"2025-06-03T19:02:08","modified_gmt":"2025-06-03T16:02:08","slug":"ciftligim-sut-yemi","status":"publish","type":"product","link":"https:\/\/zayimoglu.com\/index.php\/product\/ciftligim-sut-yemi\/","title":{"rendered":"\u00c7iftli\u011fim S\u00fct Yemi"},"content":{"rendered":"<p>Y\u00fcksek d\u00fczeyde s\u00fct verimine sahip sa\u011fmal ineklerde t\u00fcm laktasyon periyodu boyunca kullan\u0131lmak \u00fczere tasarlanm\u0131\u015f, protein ve enerji bak\u0131m\u0131ndan zengin bir yemdir.<\/p>\n\n    <div class=\"xs_social_share_widget xs_share_url after_content \t\tmain_content  wslu-style-1 wslu-share-box-shaped wslu-fill-colored wslu-none wslu-share-horizontal wslu-theme-font-no wslu-main_content\">\n\n\t\t\n        <ul>\n\t\t\t        <\/ul>\n    <\/div> \n","protected":false},"excerpt":{"rendered":"<p>Y\u00fcksek d\u00fczeyde s\u00fct verimine sahip sa\u011fmal ineklerde t\u00fcm laktasyon periyodu boyunca kullan\u0131lmak \u00fczere tasarlanm\u0131\u015f, protein ve enerji bak\u0131m\u0131ndan zengin bir yemdir.<\/p>\n","protected":false},"featured_media":3703,"template":"","meta":{"inline_featured_image":false,"_monsterinsights_skip_tracking":false,"_monsterinsights_sitenote_active":false,"_monsterinsights_sitenote_note":"","_monsterinsights_sitenote_category":0},"product_brand":[],"product_cat":[147],"product_tag":[],"class_list":{"0":"post-3702","1":"product","2":"type-product","3":"status-publish","4":"has-post-thumbnail","6":"product_cat-sut-yemi","8":"first","9":"instock","10":"shipping-taxable","11":"product-type-simple"},"aioseo_notices":[],"_links":{"self":[{"href":"https:\/\/zayimoglu.com\/index.php\/wp-json\/wp\/v2\/product\/3702","targetHints":{"allow":["GET"]}}],"collection":[{"href":"https:\/\/zayimoglu.com\/index.php\/wp-json\/wp\/v2\/product"}],"about":[{"href":"https:\/\/zayimoglu.com\/index.php\/wp-json\/wp\/v2\/types\/product"}],"wp:featuredmedia":[{"embeddable":true,"href":"https:\/\/zayimoglu.com\/index.php\/wp-json\/wp\/v2\/media\/3703"}],"wp:attachment":[{"href":"https:\/\/zayimoglu.com\/index.php\/wp-json\/wp\/v2\/media?parent=3702"}],"wp:term":[{"taxonomy":"product_brand","embeddable":true,"href":"https:\/\/zayimoglu.com\/index.php\/wp-json\/wp\/v2\/product_brand?post=3702"},{"taxonomy":"product_cat","embeddable":true,"href":"https:\/\/zayimoglu.com\/index.php\/wp-json\/wp\/v2\/product_cat?post=3702"},{"taxonomy":"product_tag","embeddable":true,"href":"https:\/\/zayimoglu.com\/index.php\/wp-json\/wp\/v2\/product_tag?post=3702"}],"curies":[{"name":"wp","href":"https:\/\/api.w.org\/{rel}","templated":true}]}}