{"id":3705,"date":"2025-06-03T20:08:10","date_gmt":"2025-06-03T17:08:10","guid":{"rendered":"https:\/\/zayimoglu.com\/?post_type=product&#038;p=3705"},"modified":"2025-06-04T09:18:53","modified_gmt":"2025-06-04T06:18:53","slug":"ilke-buzagi-baslangic-yemi","status":"publish","type":"product","link":"https:\/\/zayimoglu.com\/index.php\/product\/ilke-buzagi-baslangic-yemi\/","title":{"rendered":"\u0130lke Buza\u011f\u0131 Ba\u015flang\u0131\u00e7 Yemi"},"content":{"rendered":"<p><a href=\"https:\/\/zayimoglu.com\/wp-content\/uploads\/2025\/06\/1680594819buzagi_surec_s.svg\"><img fetchpriority=\"high\" decoding=\"async\" class=\"alignnone size-medium wp-image-3706\" src=\"https:\/\/zayimoglu.com\/wp-content\/uploads\/2025\/06\/1680594819buzagi_surec_s.svg\" alt=\"\" width=\"800\" height=\"800\" \/><\/a><\/p>\n\n    <div class=\"xs_social_share_widget xs_share_url after_content \t\tmain_content  wslu-style-1 wslu-share-box-shaped wslu-fill-colored wslu-none wslu-share-horizontal wslu-theme-font-no wslu-main_content\">\n\n\t\t\n        <ul>\n\t\t\t        <\/ul>\n    <\/div> \n","protected":false},"excerpt":{"rendered":"<p>Yeni do\u011fan buza\u011f\u0131lar\u0131n 1. haftadan ba\u015flayarak 3. ay\u0131n sonuna kadar severek t\u00fckettikleri, rumen geli\u015fimine katk\u0131da bulunan, enerji ve proteince dengelenmi\u015f lezzetli ve i\u015ftah a\u00e7an bir yemdir.<br \/>\n<img decoding=\"async\" src=\"https:\/\/zayimoglu.com\/wp-content\/uploads\/2025\/06\/cuval-ikon1-300x300.png\" alt=\"\" width=\"100\" height=\"100\" class=\"alignnone size-medium wp-image-3749\" srcset=\"https:\/\/zayimoglu.com\/wp-content\/uploads\/2025\/06\/cuval-ikon1-300x300.png 300w, https:\/\/zayimoglu.com\/wp-content\/uploads\/2025\/06\/cuval-ikon1-150x150.png 150w, https:\/\/zayimoglu.com\/wp-content\/uploads\/2025\/06\/cuval-ikon1-370x370.png 370w, https:\/\/zayimoglu.com\/wp-content\/uploads\/2025\/06\/cuval-ikon1-60x60.png 60w, https:\/\/zayimoglu.com\/wp-content\/uploads\/2025\/06\/cuval-ikon1-100x100.png 100w\" sizes=\"(max-width: 100px) 100vw, 100px\" \/><\/p>\n","protected":false},"featured_media":3707,"template":"","meta":{"inline_featured_image":false,"_monsterinsights_skip_tracking":false,"_monsterinsights_sitenote_active":false,"_monsterinsights_sitenote_note":"","_monsterinsights_sitenote_category":0},"product_brand":[],"product_cat":[148],"product_tag":[],"class_list":{"0":"post-3705","1":"product","2":"type-product","3":"status-publish","4":"has-post-thumbnail","6":"product_cat-buzagi-yemi","8":"first","9":"instock","10":"shipping-taxable","11":"product-type-simple"},"aioseo_notices":[],"_links":{"self":[{"href":"https:\/\/zayimoglu.com\/index.php\/wp-json\/wp\/v2\/product\/3705","targetHints":{"allow":["GET"]}}],"collection":[{"href":"https:\/\/zayimoglu.com\/index.php\/wp-json\/wp\/v2\/product"}],"about":[{"href":"https:\/\/zayimoglu.com\/index.php\/wp-json\/wp\/v2\/types\/product"}],"wp:featuredmedia":[{"embeddable":true,"href":"https:\/\/zayimoglu.com\/index.php\/wp-json\/wp\/v2\/media\/3707"}],"wp:attachment":[{"href":"https:\/\/zayimoglu.com\/index.php\/wp-json\/wp\/v2\/media?parent=3705"}],"wp:term":[{"taxonomy":"product_brand","embeddable":true,"href":"https:\/\/zayimoglu.com\/index.php\/wp-json\/wp\/v2\/product_brand?post=3705"},{"taxonomy":"product_cat","embeddable":true,"href":"https:\/\/zayimoglu.com\/index.php\/wp-json\/wp\/v2\/product_cat?post=3705"},{"taxonomy":"product_tag","embeddable":true,"href":"https:\/\/zayimoglu.com\/index.php\/wp-json\/wp\/v2\/product_tag?post=3705"}],"curies":[{"name":"wp","href":"https:\/\/api.w.org\/{rel}","templated":true}]}}