{"id":3730,"date":"2025-06-04T01:04:54","date_gmt":"2025-06-03T22:04:54","guid":{"rendered":"https:\/\/zayimoglu.com\/?post_type=product&#038;p=3730"},"modified":"2025-06-04T01:04:54","modified_gmt":"2025-06-03T22:04:54","slug":"grand-besi-bitirme-yemi","status":"publish","type":"product","link":"https:\/\/zayimoglu.com\/index.php\/product\/grand-besi-bitirme-yemi\/","title":{"rendered":"Grand Besi Bitirme Yemi"},"content":{"rendered":"<p>Besiye al\u0131nan danalar\u0131n k\u0131sa zamanda sa\u011fl\u0131kl\u0131 geli\u015febilmeleri i\u00e7in yemlikleri s\u00fcrekli dolu olmal\u0131d\u0131r. Besi yeminden beklenen sonucun al\u0131nabilmesi i\u00e7in hayvanlar\u0131n verim ve ya\u015fama pay\u0131 ihtiya\u00e7lar\u0131 hesaplan\u0131p, iyi kalitede kaba yem ile birlikte verilmesi gerekmektedir.<\/p>\n\n    <div class=\"xs_social_share_widget xs_share_url after_content \t\tmain_content  wslu-style-1 wslu-share-box-shaped wslu-fill-colored wslu-none wslu-share-horizontal wslu-theme-font-no wslu-main_content\">\n\n\t\t\n        <ul>\n\t\t\t        <\/ul>\n    <\/div> \n","protected":false},"excerpt":{"rendered":"<p>Yo\u011fun besi yapan i\u015fletmelerde \u00f6zellikle 400 kg canl\u0131 a\u011f\u0131rl\u0131\u011f\u0131n \u00fczerindeki danalar\u0131n beslenmesinde kullan\u0131lan \u00f6zel bir yemdir. Kesim \u00f6ncesi d\u00f6nemde y\u00fcksek enerji i\u00e7eri\u011fi ile k\u0131sa s\u00fcrede h\u0131zl\u0131 bir canl\u0131 a\u011f\u0131rl\u0131k art\u0131\u015f\u0131 sa\u011flamaktad\u0131r.<br \/>\n<img decoding=\"async\" src=\"https:\/\/zayimoglu.com\/wp-content\/uploads\/2025\/06\/cuval-ikon-50-114-300x300.png\" alt=\"\" width=\"100\" height=\"100\" class=\"alignnone size-medium wp-image-3726\" srcset=\"https:\/\/zayimoglu.com\/wp-content\/uploads\/2025\/06\/cuval-ikon-50-114-300x300.png 300w, https:\/\/zayimoglu.com\/wp-content\/uploads\/2025\/06\/cuval-ikon-50-114-150x150.png 150w, https:\/\/zayimoglu.com\/wp-content\/uploads\/2025\/06\/cuval-ikon-50-114-370x370.png 370w, https:\/\/zayimoglu.com\/wp-content\/uploads\/2025\/06\/cuval-ikon-50-114-60x60.png 60w, https:\/\/zayimoglu.com\/wp-content\/uploads\/2025\/06\/cuval-ikon-50-114-100x100.png 100w\" sizes=\"(max-width: 100px) 100vw, 100px\" \/><\/p>\n","protected":false},"featured_media":3731,"template":"","meta":{"inline_featured_image":false,"_monsterinsights_skip_tracking":false,"_monsterinsights_sitenote_active":false,"_monsterinsights_sitenote_note":"","_monsterinsights_sitenote_category":0},"product_brand":[],"product_cat":[149],"product_tag":[],"class_list":{"0":"post-3730","1":"product","2":"type-product","3":"status-publish","4":"has-post-thumbnail","6":"product_cat-besi-yemleri","8":"first","9":"instock","10":"shipping-taxable","11":"product-type-simple"},"aioseo_notices":[],"_links":{"self":[{"href":"https:\/\/zayimoglu.com\/index.php\/wp-json\/wp\/v2\/product\/3730","targetHints":{"allow":["GET"]}}],"collection":[{"href":"https:\/\/zayimoglu.com\/index.php\/wp-json\/wp\/v2\/product"}],"about":[{"href":"https:\/\/zayimoglu.com\/index.php\/wp-json\/wp\/v2\/types\/product"}],"wp:featuredmedia":[{"embeddable":true,"href":"https:\/\/zayimoglu.com\/index.php\/wp-json\/wp\/v2\/media\/3731"}],"wp:attachment":[{"href":"https:\/\/zayimoglu.com\/index.php\/wp-json\/wp\/v2\/media?parent=3730"}],"wp:term":[{"taxonomy":"product_brand","embeddable":true,"href":"https:\/\/zayimoglu.com\/index.php\/wp-json\/wp\/v2\/product_brand?post=3730"},{"taxonomy":"product_cat","embeddable":true,"href":"https:\/\/zayimoglu.com\/index.php\/wp-json\/wp\/v2\/product_cat?post=3730"},{"taxonomy":"product_tag","embeddable":true,"href":"https:\/\/zayimoglu.com\/index.php\/wp-json\/wp\/v2\/product_tag?post=3730"}],"curies":[{"name":"wp","href":"https:\/\/api.w.org\/{rel}","templated":true}]}}