{"id":3763,"date":"2025-06-04T09:51:09","date_gmt":"2025-06-04T06:51:09","guid":{"rendered":"https:\/\/zayimoglu.com\/?post_type=product&#038;p=3763"},"modified":"2025-06-04T09:51:09","modified_gmt":"2025-06-04T06:51:09","slug":"gozde-plus-sut-yemi","status":"publish","type":"product","link":"https:\/\/zayimoglu.com\/index.php\/product\/gozde-plus-sut-yemi\/","title":{"rendered":"G\u00f6zde Plus S\u00fct Yemi"},"content":{"rendered":"\n    <div class=\"xs_social_share_widget xs_share_url after_content \t\tmain_content  wslu-style-1 wslu-share-box-shaped wslu-fill-colored wslu-none wslu-share-horizontal wslu-theme-font-no wslu-main_content\">\n\n\t\t\n        <ul>\n\t\t\t        <\/ul>\n    <\/div> \n","protected":false},"excerpt":{"rendered":"<p>Orta ve y\u00fcksek s\u00fct verimli sa\u011fmal inekleri bulunan i\u015fletmelerde her verim d\u00fczeyindeki hayvanlar i\u00e7in ba\u015far\u0131 ile kullan\u0131l\u0131r.<\/p>\n<p><img decoding=\"async\" class=\"alignnone size-medium wp-image-3726\" src=\"https:\/\/zayimoglu.com\/wp-content\/uploads\/2025\/06\/cuval-ikon-50-114-300x300.png\" alt=\"\" width=\"100\" height=\"100\" srcset=\"https:\/\/zayimoglu.com\/wp-content\/uploads\/2025\/06\/cuval-ikon-50-114-300x300.png 300w, https:\/\/zayimoglu.com\/wp-content\/uploads\/2025\/06\/cuval-ikon-50-114-150x150.png 150w, https:\/\/zayimoglu.com\/wp-content\/uploads\/2025\/06\/cuval-ikon-50-114-370x370.png 370w, https:\/\/zayimoglu.com\/wp-content\/uploads\/2025\/06\/cuval-ikon-50-114-60x60.png 60w, https:\/\/zayimoglu.com\/wp-content\/uploads\/2025\/06\/cuval-ikon-50-114-100x100.png 100w\" sizes=\"(max-width: 100px) 100vw, 100px\" \/><\/p>\n","protected":false},"featured_media":3764,"template":"","meta":{"inline_featured_image":false,"_monsterinsights_skip_tracking":false,"_monsterinsights_sitenote_active":false,"_monsterinsights_sitenote_note":"","_monsterinsights_sitenote_category":0},"product_brand":[],"product_cat":[147],"product_tag":[],"class_list":{"0":"post-3763","1":"product","2":"type-product","3":"status-publish","4":"has-post-thumbnail","6":"product_cat-sut-yemi","8":"first","9":"instock","10":"shipping-taxable","11":"product-type-simple"},"aioseo_notices":[],"_links":{"self":[{"href":"https:\/\/zayimoglu.com\/index.php\/wp-json\/wp\/v2\/product\/3763","targetHints":{"allow":["GET"]}}],"collection":[{"href":"https:\/\/zayimoglu.com\/index.php\/wp-json\/wp\/v2\/product"}],"about":[{"href":"https:\/\/zayimoglu.com\/index.php\/wp-json\/wp\/v2\/types\/product"}],"wp:featuredmedia":[{"embeddable":true,"href":"https:\/\/zayimoglu.com\/index.php\/wp-json\/wp\/v2\/media\/3764"}],"wp:attachment":[{"href":"https:\/\/zayimoglu.com\/index.php\/wp-json\/wp\/v2\/media?parent=3763"}],"wp:term":[{"taxonomy":"product_brand","embeddable":true,"href":"https:\/\/zayimoglu.com\/index.php\/wp-json\/wp\/v2\/product_brand?post=3763"},{"taxonomy":"product_cat","embeddable":true,"href":"https:\/\/zayimoglu.com\/index.php\/wp-json\/wp\/v2\/product_cat?post=3763"},{"taxonomy":"product_tag","embeddable":true,"href":"https:\/\/zayimoglu.com\/index.php\/wp-json\/wp\/v2\/product_tag?post=3763"}],"curies":[{"name":"wp","href":"https:\/\/api.w.org\/{rel}","templated":true}]}}