{"id":3774,"date":"2025-06-04T10:12:19","date_gmt":"2025-06-04T07:12:19","guid":{"rendered":"https:\/\/zayimoglu.com\/?post_type=product&#038;p=3774"},"modified":"2025-06-04T10:13:10","modified_gmt":"2025-06-04T07:13:10","slug":"anima-sut-yemi","status":"publish","type":"product","link":"https:\/\/zayimoglu.com\/index.php\/product\/anima-sut-yemi\/","title":{"rendered":"Anima S\u00fct Yemi"},"content":{"rendered":"<p>Bu yem sa\u011fmal ineklerin s\u00fct verim ihtiya\u00e7lar\u0131n\u0131 kar\u015f\u0131lamak \u00fczere haz\u0131rlanm\u0131\u015f olan tamamlay\u0131c\u0131 yemdir. Abal\u0131m Anima S\u0131\u011f\u0131r S\u00fct Yemi, d\u00fc\u015f\u00fck verimli s\u00fct ineklerine s\u00fctteki ya\u011f oran\u0131 da dikkate al\u0131narak her 2 kg s\u00fct i\u00e7in 1 kg olacak \u015fekilde yedirilmelidir. Bu yemden beklenen verimin al\u0131nabilmesi i\u00e7in hayvanlar\u0131n ya\u015fama pay\u0131 ihtiya\u00e7lar\u0131 ayr\u0131ca hesaplan\u0131p, iyi kalitede kaba yem verilmesi gerekmektedir.<\/p>\n\n    <div class=\"xs_social_share_widget xs_share_url after_content \t\tmain_content  wslu-style-1 wslu-share-box-shaped wslu-fill-colored wslu-none wslu-share-horizontal wslu-theme-font-no wslu-main_content\">\n\n\t\t\n        <ul>\n\t\t\t        <\/ul>\n    <\/div> \n","protected":false},"excerpt":{"rendered":"<p>D\u00fc\u015f\u00fck d\u00fczeyde s\u00fct verimine sahip sa\u011fmal ineklerde kullan\u0131lan bir yemdir.<br \/>\n<img decoding=\"async\" src=\"https:\/\/zayimoglu.com\/wp-content\/uploads\/2025\/06\/cuval-ikon-50-114-300x300.png\" alt=\"\" width=\"100\" height=\"100\" class=\"alignnone size-medium wp-image-3726\" srcset=\"https:\/\/zayimoglu.com\/wp-content\/uploads\/2025\/06\/cuval-ikon-50-114-300x300.png 300w, https:\/\/zayimoglu.com\/wp-content\/uploads\/2025\/06\/cuval-ikon-50-114-150x150.png 150w, https:\/\/zayimoglu.com\/wp-content\/uploads\/2025\/06\/cuval-ikon-50-114-370x370.png 370w, https:\/\/zayimoglu.com\/wp-content\/uploads\/2025\/06\/cuval-ikon-50-114-60x60.png 60w, https:\/\/zayimoglu.com\/wp-content\/uploads\/2025\/06\/cuval-ikon-50-114-100x100.png 100w\" sizes=\"(max-width: 100px) 100vw, 100px\" \/><\/p>\n","protected":false},"featured_media":3775,"template":"","meta":{"inline_featured_image":false,"_monsterinsights_skip_tracking":false,"_monsterinsights_sitenote_active":false,"_monsterinsights_sitenote_note":"","_monsterinsights_sitenote_category":0},"product_brand":[],"product_cat":[147],"product_tag":[],"class_list":{"0":"post-3774","1":"product","2":"type-product","3":"status-publish","4":"has-post-thumbnail","6":"product_cat-sut-yemi","8":"first","9":"instock","10":"shipping-taxable","11":"product-type-simple"},"aioseo_notices":[],"_links":{"self":[{"href":"https:\/\/zayimoglu.com\/index.php\/wp-json\/wp\/v2\/product\/3774","targetHints":{"allow":["GET"]}}],"collection":[{"href":"https:\/\/zayimoglu.com\/index.php\/wp-json\/wp\/v2\/product"}],"about":[{"href":"https:\/\/zayimoglu.com\/index.php\/wp-json\/wp\/v2\/types\/product"}],"wp:featuredmedia":[{"embeddable":true,"href":"https:\/\/zayimoglu.com\/index.php\/wp-json\/wp\/v2\/media\/3775"}],"wp:attachment":[{"href":"https:\/\/zayimoglu.com\/index.php\/wp-json\/wp\/v2\/media?parent=3774"}],"wp:term":[{"taxonomy":"product_brand","embeddable":true,"href":"https:\/\/zayimoglu.com\/index.php\/wp-json\/wp\/v2\/product_brand?post=3774"},{"taxonomy":"product_cat","embeddable":true,"href":"https:\/\/zayimoglu.com\/index.php\/wp-json\/wp\/v2\/product_cat?post=3774"},{"taxonomy":"product_tag","embeddable":true,"href":"https:\/\/zayimoglu.com\/index.php\/wp-json\/wp\/v2\/product_tag?post=3774"}],"curies":[{"name":"wp","href":"https:\/\/api.w.org\/{rel}","templated":true}]}}