{"id":3778,"date":"2025-06-04T10:20:22","date_gmt":"2025-06-04T07:20:22","guid":{"rendered":"https:\/\/zayimoglu.com\/?post_type=product&#038;p=3778"},"modified":"2025-06-04T10:20:22","modified_gmt":"2025-06-04T07:20:22","slug":"endam-duve-yemi","status":"publish","type":"product","link":"https:\/\/zayimoglu.com\/index.php\/product\/endam-duve-yemi\/","title":{"rendered":"Endam D\u00fcve Yemi"},"content":{"rendered":"<p>Bu yem s\u0131\u011f\u0131rlar\u0131n d\u00fcvelik ve ilk gebelik d\u00f6nemleri boyunca beslenmelerinde kullan\u0131lan tamamlay\u0131c\u0131 yemdir. Hayvan\u0131n ya\u015f\u0131na, canl\u0131 a\u011f\u0131rl\u0131\u011f\u0131na ve kullan\u0131lan kaba yem \u00e7e\u015fidine g\u00f6re g\u00fcnl\u00fck 2-4 kg Endam D\u00fcve Yemi yedirilmelidir. B\u00fct\u00fcn temel besin maddeleri bilgisayar ortam\u0131nda rasyon program\u0131 ile dengelenmi\u015ftir.<\/p>\n\n    <div class=\"xs_social_share_widget xs_share_url after_content \t\tmain_content  wslu-style-1 wslu-share-box-shaped wslu-fill-colored wslu-none wslu-share-horizontal wslu-theme-font-no wslu-main_content\">\n\n\t\t\n        <ul>\n\t\t\t        <\/ul>\n    <\/div> \n","protected":false},"excerpt":{"rendered":"<p>Dam\u0131zl\u0131k d\u00fcvelerin 7. aydan itibaren do\u011fumlar\u0131na 3 hafta kalana dek olan d\u00f6nemde kullan\u0131labilen enerji ve proteince dengelenmi\u015f bir yemdir. D\u00fcvelerin hedeflenen boy ve kiloda do\u011fuma gelmelerini sa\u011flar.<br \/>\n<img decoding=\"async\" src=\"https:\/\/zayimoglu.com\/wp-content\/uploads\/2025\/06\/cuval-ikon-50-114-300x300.png\" alt=\"\" width=\"100\" height=\"100\" class=\"alignnone size-medium wp-image-3726\" srcset=\"https:\/\/zayimoglu.com\/wp-content\/uploads\/2025\/06\/cuval-ikon-50-114-300x300.png 300w, https:\/\/zayimoglu.com\/wp-content\/uploads\/2025\/06\/cuval-ikon-50-114-150x150.png 150w, https:\/\/zayimoglu.com\/wp-content\/uploads\/2025\/06\/cuval-ikon-50-114-370x370.png 370w, https:\/\/zayimoglu.com\/wp-content\/uploads\/2025\/06\/cuval-ikon-50-114-60x60.png 60w, https:\/\/zayimoglu.com\/wp-content\/uploads\/2025\/06\/cuval-ikon-50-114-100x100.png 100w\" sizes=\"(max-width: 100px) 100vw, 100px\" \/><\/p>\n","protected":false},"featured_media":3779,"template":"","meta":{"inline_featured_image":false,"_monsterinsights_skip_tracking":false,"_monsterinsights_sitenote_active":false,"_monsterinsights_sitenote_note":"","_monsterinsights_sitenote_category":0},"product_brand":[],"product_cat":[147],"product_tag":[],"class_list":{"0":"post-3778","1":"product","2":"type-product","3":"status-publish","4":"has-post-thumbnail","6":"product_cat-sut-yemi","8":"first","9":"instock","10":"shipping-taxable","11":"product-type-simple"},"aioseo_notices":[],"_links":{"self":[{"href":"https:\/\/zayimoglu.com\/index.php\/wp-json\/wp\/v2\/product\/3778","targetHints":{"allow":["GET"]}}],"collection":[{"href":"https:\/\/zayimoglu.com\/index.php\/wp-json\/wp\/v2\/product"}],"about":[{"href":"https:\/\/zayimoglu.com\/index.php\/wp-json\/wp\/v2\/types\/product"}],"wp:featuredmedia":[{"embeddable":true,"href":"https:\/\/zayimoglu.com\/index.php\/wp-json\/wp\/v2\/media\/3779"}],"wp:attachment":[{"href":"https:\/\/zayimoglu.com\/index.php\/wp-json\/wp\/v2\/media?parent=3778"}],"wp:term":[{"taxonomy":"product_brand","embeddable":true,"href":"https:\/\/zayimoglu.com\/index.php\/wp-json\/wp\/v2\/product_brand?post=3778"},{"taxonomy":"product_cat","embeddable":true,"href":"https:\/\/zayimoglu.com\/index.php\/wp-json\/wp\/v2\/product_cat?post=3778"},{"taxonomy":"product_tag","embeddable":true,"href":"https:\/\/zayimoglu.com\/index.php\/wp-json\/wp\/v2\/product_tag?post=3778"}],"curies":[{"name":"wp","href":"https:\/\/api.w.org\/{rel}","templated":true}]}}