{"id":3782,"date":"2025-06-04T10:27:09","date_gmt":"2025-06-04T07:27:09","guid":{"rendered":"https:\/\/zayimoglu.com\/?post_type=product&#038;p=3782"},"modified":"2025-06-04T10:27:09","modified_gmt":"2025-06-04T07:27:09","slug":"etkin-sut-yemi","status":"publish","type":"product","link":"https:\/\/zayimoglu.com\/index.php\/product\/etkin-sut-yemi\/","title":{"rendered":"Etkin S\u00fct Yemi"},"content":{"rendered":"\n    <div class=\"xs_social_share_widget xs_share_url after_content \t\tmain_content  wslu-style-1 wslu-share-box-shaped wslu-fill-colored wslu-none wslu-share-horizontal wslu-theme-font-no wslu-main_content\">\n\n\t\t\n        <ul>\n\t\t\t        <\/ul>\n    <\/div> \n","protected":false},"excerpt":{"rendered":"<p>Orta d\u00fczeyde s\u00fct verimine sahip sa\u011fmal ineklerde buza\u011f\u0131lamadan itibaren t\u00fcm laktasyon d\u00f6nemi boyunca kullan\u0131labilen bir yemdir. Laktasyonun orta ve ge\u00e7 d\u00f6neminde s\u00fct miktar\u0131n\u0131 optimum seviyede tutarak, ekonomik bir beslenme y\u00f6ntemi sa\u011flar.<br \/>\n<img decoding=\"async\" src=\"https:\/\/zayimoglu.com\/wp-content\/uploads\/2025\/06\/cuval-ikon-50-114-300x300.png\" alt=\"\" width=\"100\" height=\"100\" class=\"alignnone size-medium wp-image-3726\" srcset=\"https:\/\/zayimoglu.com\/wp-content\/uploads\/2025\/06\/cuval-ikon-50-114-300x300.png 300w, https:\/\/zayimoglu.com\/wp-content\/uploads\/2025\/06\/cuval-ikon-50-114-150x150.png 150w, https:\/\/zayimoglu.com\/wp-content\/uploads\/2025\/06\/cuval-ikon-50-114-370x370.png 370w, https:\/\/zayimoglu.com\/wp-content\/uploads\/2025\/06\/cuval-ikon-50-114-60x60.png 60w, https:\/\/zayimoglu.com\/wp-content\/uploads\/2025\/06\/cuval-ikon-50-114-100x100.png 100w\" sizes=\"(max-width: 100px) 100vw, 100px\" \/><\/p>\n","protected":false},"featured_media":3783,"template":"","meta":{"inline_featured_image":false,"_monsterinsights_skip_tracking":false,"_monsterinsights_sitenote_active":false,"_monsterinsights_sitenote_note":"","_monsterinsights_sitenote_category":0},"product_brand":[],"product_cat":[147],"product_tag":[],"class_list":{"0":"post-3782","1":"product","2":"type-product","3":"status-publish","4":"has-post-thumbnail","6":"product_cat-sut-yemi","8":"first","9":"instock","10":"shipping-taxable","11":"product-type-simple"},"aioseo_notices":[],"_links":{"self":[{"href":"https:\/\/zayimoglu.com\/index.php\/wp-json\/wp\/v2\/product\/3782","targetHints":{"allow":["GET"]}}],"collection":[{"href":"https:\/\/zayimoglu.com\/index.php\/wp-json\/wp\/v2\/product"}],"about":[{"href":"https:\/\/zayimoglu.com\/index.php\/wp-json\/wp\/v2\/types\/product"}],"wp:featuredmedia":[{"embeddable":true,"href":"https:\/\/zayimoglu.com\/index.php\/wp-json\/wp\/v2\/media\/3783"}],"wp:attachment":[{"href":"https:\/\/zayimoglu.com\/index.php\/wp-json\/wp\/v2\/media?parent=3782"}],"wp:term":[{"taxonomy":"product_brand","embeddable":true,"href":"https:\/\/zayimoglu.com\/index.php\/wp-json\/wp\/v2\/product_brand?post=3782"},{"taxonomy":"product_cat","embeddable":true,"href":"https:\/\/zayimoglu.com\/index.php\/wp-json\/wp\/v2\/product_cat?post=3782"},{"taxonomy":"product_tag","embeddable":true,"href":"https:\/\/zayimoglu.com\/index.php\/wp-json\/wp\/v2\/product_tag?post=3782"}],"curies":[{"name":"wp","href":"https:\/\/api.w.org\/{rel}","templated":true}]}}