{"id":3809,"date":"2025-06-04T11:33:51","date_gmt":"2025-06-04T08:33:51","guid":{"rendered":"https:\/\/zayimoglu.com\/?post_type=product&#038;p=3809"},"modified":"2025-06-04T11:33:51","modified_gmt":"2025-06-04T08:33:51","slug":"bizdik-0-etlik-civciv-baslangic-yemi","status":"publish","type":"product","link":"https:\/\/zayimoglu.com\/index.php\/product\/bizdik-0-etlik-civciv-baslangic-yemi\/","title":{"rendered":"B\u0131zd\u0131k 0 Etlik Civciv Ba\u015flang\u0131\u00e7 Yemi"},"content":{"rendered":"\n    <div class=\"xs_social_share_widget xs_share_url after_content \t\tmain_content  wslu-style-1 wslu-share-box-shaped wslu-fill-colored wslu-none wslu-share-horizontal wslu-theme-font-no wslu-main_content\">\n\n\t\t\n        <ul>\n\t\t\t        <\/ul>\n    <\/div> \n","protected":false},"excerpt":{"rendered":"<p>Etlik civcivlerin 0-10 g\u00fcnler aras\u0131ndaki beslenmelerinde kullan\u0131lan tam yemdir. Etlik pili\u00e7lerin de\u011fi\u015fen periyotlarda de\u011fi\u015fen sindirilebilir aminoasit ve enerji ihtiya\u00e7lar\u0131na g\u00f6re yem form\u00fclleri haz\u0131rlanmaktad\u0131r.<\/p>\n<p>Yemlerin iyi de\u011ferlendirilmesi i\u00e7in performans\u0131 etkileyen k\u00fcmes s\u0131cakl\u0131\u011f\u0131, k\u00fcmes temizli\u011fi, yerle\u015fim s\u0131kl\u0131\u011f\u0131, dam\u0131zl\u0131k civciv kalitesine de dikkat edilmelidir.<br \/>\n<img decoding=\"async\" src=\"https:\/\/zayimoglu.com\/wp-content\/uploads\/2025\/06\/cuval-ikon-50-114-300x300.png\" alt=\"\" width=\"100\" height=\"100\" class=\"alignnone size-medium wp-image-3726\" srcset=\"https:\/\/zayimoglu.com\/wp-content\/uploads\/2025\/06\/cuval-ikon-50-114-300x300.png 300w, https:\/\/zayimoglu.com\/wp-content\/uploads\/2025\/06\/cuval-ikon-50-114-150x150.png 150w, https:\/\/zayimoglu.com\/wp-content\/uploads\/2025\/06\/cuval-ikon-50-114-370x370.png 370w, https:\/\/zayimoglu.com\/wp-content\/uploads\/2025\/06\/cuval-ikon-50-114-60x60.png 60w, https:\/\/zayimoglu.com\/wp-content\/uploads\/2025\/06\/cuval-ikon-50-114-100x100.png 100w\" sizes=\"(max-width: 100px) 100vw, 100px\" \/><\/p>\n","protected":false},"featured_media":3810,"template":"","meta":{"inline_featured_image":false,"_monsterinsights_skip_tracking":false,"_monsterinsights_sitenote_active":false,"_monsterinsights_sitenote_note":"","_monsterinsights_sitenote_category":0},"product_brand":[],"product_cat":[151],"product_tag":[],"class_list":{"0":"post-3809","1":"product","2":"type-product","3":"status-publish","4":"has-post-thumbnail","6":"product_cat-kanatli-yemleri","8":"first","9":"instock","10":"shipping-taxable","11":"product-type-simple"},"aioseo_notices":[],"_links":{"self":[{"href":"https:\/\/zayimoglu.com\/index.php\/wp-json\/wp\/v2\/product\/3809","targetHints":{"allow":["GET"]}}],"collection":[{"href":"https:\/\/zayimoglu.com\/index.php\/wp-json\/wp\/v2\/product"}],"about":[{"href":"https:\/\/zayimoglu.com\/index.php\/wp-json\/wp\/v2\/types\/product"}],"wp:featuredmedia":[{"embeddable":true,"href":"https:\/\/zayimoglu.com\/index.php\/wp-json\/wp\/v2\/media\/3810"}],"wp:attachment":[{"href":"https:\/\/zayimoglu.com\/index.php\/wp-json\/wp\/v2\/media?parent=3809"}],"wp:term":[{"taxonomy":"product_brand","embeddable":true,"href":"https:\/\/zayimoglu.com\/index.php\/wp-json\/wp\/v2\/product_brand?post=3809"},{"taxonomy":"product_cat","embeddable":true,"href":"https:\/\/zayimoglu.com\/index.php\/wp-json\/wp\/v2\/product_cat?post=3809"},{"taxonomy":"product_tag","embeddable":true,"href":"https:\/\/zayimoglu.com\/index.php\/wp-json\/wp\/v2\/product_tag?post=3809"}],"curies":[{"name":"wp","href":"https:\/\/api.w.org\/{rel}","templated":true}]}}