{"id":3817,"date":"2025-06-04T11:43:40","date_gmt":"2025-06-04T08:43:40","guid":{"rendered":"https:\/\/zayimoglu.com\/?post_type=product&#038;p=3817"},"modified":"2025-06-04T11:43:40","modified_gmt":"2025-06-04T08:43:40","slug":"gezen-1-tavuk-yemi","status":"publish","type":"product","link":"https:\/\/zayimoglu.com\/index.php\/product\/gezen-1-tavuk-yemi\/","title":{"rendered":"Gezen 1 Tavuk Yemi"},"content":{"rendered":"\n    <div class=\"xs_social_share_widget xs_share_url after_content \t\tmain_content  wslu-style-1 wslu-share-box-shaped wslu-fill-colored wslu-none wslu-share-horizontal wslu-theme-font-no wslu-main_content\">\n\n\t\t\n        <ul>\n\t\t\t        <\/ul>\n    <\/div> \n","protected":false},"excerpt":{"rendered":"<p>Gezen 1 Tavuk Yemi, serbest alanda ya\u015fayan yumurta tavuklar\u0131nda yumurta veriminin ba\u015flad\u0131\u011f\u0131 18. haftadan itibaren kullan\u0131lan  bir yemdir.<\/p>\n<p>Serbest gezen tavuklar\u0131n ihtiya\u00e7lar\u0131n\u0131 kar\u015f\u0131layacak sindirilebilir aminoasit ve enerji i\u00e7eri\u011fiyle birlikte yumurta sar\u0131s\u0131 ve yumurta kabu\u011fu kalitesinden \u00f6d\u00fcn vermeyen form\u00fclasyonla haz\u0131rlanm\u0131\u015ft\u0131r.<\/p>\n<p>Hayvanlar\u0131n ihtiyac\u0131 olan ya\u015fam ko\u015fullar\u0131 \u00f6zenle haz\u0131rlanmal\u0131, su t\u00fcketimine dikkat edilmelidir. Su, her zaman hayvanlar\u0131n \u00f6n\u00fcnde temiz ve haz\u0131r bulunmal\u0131d\u0131r. Hastal\u0131klardan dolay\u0131 verim kayb\u0131 ya\u015famamak i\u00e7in a\u015f\u0131 programlar\u0131 veteriner hekim kontrol\u00fcnde yap\u0131lmal\u0131d\u0131r.<br \/>\n<img decoding=\"async\" src=\"https:\/\/zayimoglu.com\/wp-content\/uploads\/2025\/06\/cuval-ikon-50-114-300x300.png\" alt=\"\" width=\"100\" height=\"100\" class=\"alignnone size-medium wp-image-3726\" srcset=\"https:\/\/zayimoglu.com\/wp-content\/uploads\/2025\/06\/cuval-ikon-50-114-300x300.png 300w, https:\/\/zayimoglu.com\/wp-content\/uploads\/2025\/06\/cuval-ikon-50-114-150x150.png 150w, https:\/\/zayimoglu.com\/wp-content\/uploads\/2025\/06\/cuval-ikon-50-114-370x370.png 370w, https:\/\/zayimoglu.com\/wp-content\/uploads\/2025\/06\/cuval-ikon-50-114-60x60.png 60w, https:\/\/zayimoglu.com\/wp-content\/uploads\/2025\/06\/cuval-ikon-50-114-100x100.png 100w\" sizes=\"(max-width: 100px) 100vw, 100px\" \/><\/p>\n","protected":false},"featured_media":3818,"template":"","meta":{"inline_featured_image":false,"_monsterinsights_skip_tracking":false,"_monsterinsights_sitenote_active":false,"_monsterinsights_sitenote_note":"","_monsterinsights_sitenote_category":0},"product_brand":[],"product_cat":[151],"product_tag":[],"class_list":{"0":"post-3817","1":"product","2":"type-product","3":"status-publish","4":"has-post-thumbnail","6":"product_cat-kanatli-yemleri","8":"first","9":"instock","10":"shipping-taxable","11":"product-type-simple"},"aioseo_notices":[],"_links":{"self":[{"href":"https:\/\/zayimoglu.com\/index.php\/wp-json\/wp\/v2\/product\/3817","targetHints":{"allow":["GET"]}}],"collection":[{"href":"https:\/\/zayimoglu.com\/index.php\/wp-json\/wp\/v2\/product"}],"about":[{"href":"https:\/\/zayimoglu.com\/index.php\/wp-json\/wp\/v2\/types\/product"}],"wp:featuredmedia":[{"embeddable":true,"href":"https:\/\/zayimoglu.com\/index.php\/wp-json\/wp\/v2\/media\/3818"}],"wp:attachment":[{"href":"https:\/\/zayimoglu.com\/index.php\/wp-json\/wp\/v2\/media?parent=3817"}],"wp:term":[{"taxonomy":"product_brand","embeddable":true,"href":"https:\/\/zayimoglu.com\/index.php\/wp-json\/wp\/v2\/product_brand?post=3817"},{"taxonomy":"product_cat","embeddable":true,"href":"https:\/\/zayimoglu.com\/index.php\/wp-json\/wp\/v2\/product_cat?post=3817"},{"taxonomy":"product_tag","embeddable":true,"href":"https:\/\/zayimoglu.com\/index.php\/wp-json\/wp\/v2\/product_tag?post=3817"}],"curies":[{"name":"wp","href":"https:\/\/api.w.org\/{rel}","templated":true}]}}