{"id":3821,"date":"2025-06-04T11:49:33","date_gmt":"2025-06-04T08:49:33","guid":{"rendered":"https:\/\/zayimoglu.com\/?post_type=product&#038;p=3821"},"modified":"2025-06-04T11:49:33","modified_gmt":"2025-06-04T08:49:33","slug":"cilli-yumurta-pilic-yemi","status":"publish","type":"product","link":"https:\/\/zayimoglu.com\/index.php\/product\/cilli-yumurta-pilic-yemi\/","title":{"rendered":"\u00c7illi Yumurta Pili\u00e7 Yemi"},"content":{"rendered":"\n    <div class=\"xs_social_share_widget xs_share_url after_content \t\tmain_content  wslu-style-1 wslu-share-box-shaped wslu-fill-colored wslu-none wslu-share-horizontal wslu-theme-font-no wslu-main_content\">\n\n\t\t\n        <ul>\n\t\t\t        <\/ul>\n    <\/div> \n","protected":false},"excerpt":{"rendered":"<p>\u00c7illi Yumurta Pili\u00e7 Yemi, 9-18. haftalar aras\u0131 yumurtac\u0131 olarak b\u00fcy\u00fct\u00fclen pili\u00e7lerin beslenmesinde kullan\u0131l\u0131r.<\/p>\n<p>Enerji ve sindirilebilir aminoasit de\u011ferleri bu d\u00f6nemdeki ihtiya\u00e7lar\u0131 kar\u015f\u0131layacak \u015fekilde haz\u0131rlanm\u0131\u015ft\u0131r.<\/p>\n<p>Su t\u00fcketimine dikkat edilmeli, su her zaman hayvanlar\u0131n \u00f6n\u00fcnde temiz ve haz\u0131r bulunmal\u0131d\u0131r. Hastal\u0131klardan dolay\u0131 verim kayb\u0131 ya\u015famamak i\u00e7in a\u015f\u0131 programlar\u0131 veteriner hekim kontrol\u00fcnde yap\u0131lmal\u0131d\u0131r.<br \/>\n<img decoding=\"async\" src=\"https:\/\/zayimoglu.com\/wp-content\/uploads\/2025\/06\/cuval-ikon-50-114-300x300.png\" alt=\"\" width=\"100\" height=\"100\" class=\"alignnone size-medium wp-image-3726\" srcset=\"https:\/\/zayimoglu.com\/wp-content\/uploads\/2025\/06\/cuval-ikon-50-114-300x300.png 300w, https:\/\/zayimoglu.com\/wp-content\/uploads\/2025\/06\/cuval-ikon-50-114-150x150.png 150w, https:\/\/zayimoglu.com\/wp-content\/uploads\/2025\/06\/cuval-ikon-50-114-370x370.png 370w, https:\/\/zayimoglu.com\/wp-content\/uploads\/2025\/06\/cuval-ikon-50-114-60x60.png 60w, https:\/\/zayimoglu.com\/wp-content\/uploads\/2025\/06\/cuval-ikon-50-114-100x100.png 100w\" sizes=\"(max-width: 100px) 100vw, 100px\" \/><\/p>\n","protected":false},"featured_media":3822,"template":"","meta":{"inline_featured_image":false,"_monsterinsights_skip_tracking":false,"_monsterinsights_sitenote_active":false,"_monsterinsights_sitenote_note":"","_monsterinsights_sitenote_category":0},"product_brand":[],"product_cat":[151],"product_tag":[],"class_list":{"0":"post-3821","1":"product","2":"type-product","3":"status-publish","4":"has-post-thumbnail","6":"product_cat-kanatli-yemleri","8":"first","9":"instock","10":"shipping-taxable","11":"product-type-simple"},"aioseo_notices":[],"_links":{"self":[{"href":"https:\/\/zayimoglu.com\/index.php\/wp-json\/wp\/v2\/product\/3821","targetHints":{"allow":["GET"]}}],"collection":[{"href":"https:\/\/zayimoglu.com\/index.php\/wp-json\/wp\/v2\/product"}],"about":[{"href":"https:\/\/zayimoglu.com\/index.php\/wp-json\/wp\/v2\/types\/product"}],"wp:featuredmedia":[{"embeddable":true,"href":"https:\/\/zayimoglu.com\/index.php\/wp-json\/wp\/v2\/media\/3822"}],"wp:attachment":[{"href":"https:\/\/zayimoglu.com\/index.php\/wp-json\/wp\/v2\/media?parent=3821"}],"wp:term":[{"taxonomy":"product_brand","embeddable":true,"href":"https:\/\/zayimoglu.com\/index.php\/wp-json\/wp\/v2\/product_brand?post=3821"},{"taxonomy":"product_cat","embeddable":true,"href":"https:\/\/zayimoglu.com\/index.php\/wp-json\/wp\/v2\/product_cat?post=3821"},{"taxonomy":"product_tag","embeddable":true,"href":"https:\/\/zayimoglu.com\/index.php\/wp-json\/wp\/v2\/product_tag?post=3821"}],"curies":[{"name":"wp","href":"https:\/\/api.w.org\/{rel}","templated":true}]}}