{"id":3827,"date":"2025-06-04T13:18:31","date_gmt":"2025-06-04T10:18:31","guid":{"rendered":"https:\/\/zayimoglu.com\/?post_type=product&#038;p=3827"},"modified":"2025-06-04T13:18:31","modified_gmt":"2025-06-04T10:18:31","slug":"misirli-tamamlayici-yem","status":"publish","type":"product","link":"https:\/\/zayimoglu.com\/index.php\/product\/misirli-tamamlayici-yem\/","title":{"rendered":"M\u0131s\u0131rl\u0131 Tamamlay\u0131c\u0131 Yem"},"content":{"rendered":"<p>T\u00fcm ruminant hayvanlar\u0131n beslenmesinde kullan\u0131l\u0131r.<\/p>\n\n    <div class=\"xs_social_share_widget xs_share_url after_content \t\tmain_content  wslu-style-1 wslu-share-box-shaped wslu-fill-colored wslu-none wslu-share-horizontal wslu-theme-font-no wslu-main_content\">\n\n\t\t\n        <ul>\n\t\t\t        <\/ul>\n    <\/div> \n","protected":false},"excerpt":{"rendered":"<p>M\u0131s\u0131rl\u0131 Tamamlay\u0131c\u0131 Yem, \u00f6zel olarak tasarlanm\u0131\u015f buhar kazanlar\u0131nda m\u0131s\u0131r\u0131n pi\u015firilmesi ve ard\u0131ndan \u00f6zel bir s\u00fcre\u00e7ten ge\u00e7irilerek ezilmesi sonucu elde edilen bir \u00fcr\u00fcnd\u00fcr. Is\u0131l i\u015flem sayesinde ni\u015fasta jelatinize olur ve sindirilebilirli\u011fi artar.<br \/>\n<img decoding=\"async\" src=\"https:\/\/zayimoglu.com\/wp-content\/uploads\/2025\/06\/cuval-ikon1-300x300.png\" alt=\"\" width=\"100\" height=\"100\" class=\"alignnone size-medium wp-image-3749\" srcset=\"https:\/\/zayimoglu.com\/wp-content\/uploads\/2025\/06\/cuval-ikon1-300x300.png 300w, https:\/\/zayimoglu.com\/wp-content\/uploads\/2025\/06\/cuval-ikon1-150x150.png 150w, https:\/\/zayimoglu.com\/wp-content\/uploads\/2025\/06\/cuval-ikon1-370x370.png 370w, https:\/\/zayimoglu.com\/wp-content\/uploads\/2025\/06\/cuval-ikon1-60x60.png 60w, https:\/\/zayimoglu.com\/wp-content\/uploads\/2025\/06\/cuval-ikon1-100x100.png 100w\" sizes=\"(max-width: 100px) 100vw, 100px\" \/><\/p>\n","protected":false},"featured_media":3828,"template":"","meta":{"inline_featured_image":false,"_monsterinsights_skip_tracking":false,"_monsterinsights_sitenote_active":false,"_monsterinsights_sitenote_note":"","_monsterinsights_sitenote_category":0},"product_brand":[],"product_cat":[152],"product_tag":[],"class_list":{"0":"post-3827","1":"product","2":"type-product","3":"status-publish","4":"has-post-thumbnail","6":"product_cat-tamamlayici-yemler","8":"first","9":"instock","10":"shipping-taxable","11":"product-type-simple"},"aioseo_notices":[],"_links":{"self":[{"href":"https:\/\/zayimoglu.com\/index.php\/wp-json\/wp\/v2\/product\/3827","targetHints":{"allow":["GET"]}}],"collection":[{"href":"https:\/\/zayimoglu.com\/index.php\/wp-json\/wp\/v2\/product"}],"about":[{"href":"https:\/\/zayimoglu.com\/index.php\/wp-json\/wp\/v2\/types\/product"}],"wp:featuredmedia":[{"embeddable":true,"href":"https:\/\/zayimoglu.com\/index.php\/wp-json\/wp\/v2\/media\/3828"}],"wp:attachment":[{"href":"https:\/\/zayimoglu.com\/index.php\/wp-json\/wp\/v2\/media?parent=3827"}],"wp:term":[{"taxonomy":"product_brand","embeddable":true,"href":"https:\/\/zayimoglu.com\/index.php\/wp-json\/wp\/v2\/product_brand?post=3827"},{"taxonomy":"product_cat","embeddable":true,"href":"https:\/\/zayimoglu.com\/index.php\/wp-json\/wp\/v2\/product_cat?post=3827"},{"taxonomy":"product_tag","embeddable":true,"href":"https:\/\/zayimoglu.com\/index.php\/wp-json\/wp\/v2\/product_tag?post=3827"}],"curies":[{"name":"wp","href":"https:\/\/api.w.org\/{rel}","templated":true}]}}